{"id":26096,"date":"2023-07-11T09:22:36","date_gmt":"2023-07-11T09:22:36","guid":{"rendered":"https:\/\/larocca.es\/?page_id=26096"},"modified":"2024-03-19T10:33:03","modified_gmt":"2024-03-19T10:33:03","slug":"aviso-legal","status":"publish","type":"page","link":"https:\/\/larocca.es\/en\/aviso-legal","title":{"rendered":"Legal Notice"},"content":{"rendered":"<p>La Rocca Expres SAU\u00a0<br>C.I.F. A11044740\u00a0<br>Pol. Hacienda Dolores, Calle 6, Nave 13\u00a0<br>41500 \u2013 Alcal\u00e1 de Guadaira\u00a0<br>Sevilla\u00a0<br>Tlfn. <a rel=\"noreferrer noopener\" href=\"tel:+34 955 63 09 07\" target=\"_blank\">+34 955 63 09 07<\/a>\u00a0<br><a href=\"mailto:norbert@larocca.es\">info@larocca.es<\/a><\/p>\n\n\n\n<p>El acceso al portal propiedad de La Rocca Expres SAU y a la informaci\u00f3n relativa a cualesquiera de los productos y servicios contenidos en el mismo, comporta la aceptaci\u00f3n de las condiciones previstas en el presente Aviso Legal. Por ello le recomendamos que lea atentamente su contenido si usted desea acceder y hacer uso de la informaci\u00f3n y los servicios ofrecidos desde este portal.&nbsp;<\/p>\n\n\n\n<p>De conformidad con lo dispuesto en el art\u00edculo 10 de la Ley 34\/2002, de 11 de julio, de Servicios de la Sociedad de la Informaci\u00f3n y Comercio Electr\u00f3nico (en adelante, \u201cLSSI\u201d), Informamos que:&nbsp;<\/p>\n\n\n\n<h4 class=\"wp-block-heading\">PROPIEDAD INTELECTUAL E INDUSTRIAL&nbsp;<\/h4>\n\n\n\n<p>El portal de La Rocca Expres SAU las p\u00e1ginas que comprende y la informaci\u00f3n o elementos contenidos en las mismas, incluyen textos, documentos, fotograf\u00edas, dibujos, representaciones gr\u00e1ficas, bases de datos, programas inform\u00e1ticos, as\u00ed como logotipos, marcas, nombres comerciales, u otros signos distintivos, protegidos por derechos de propiedad intelectual o industrial, de los que La Rocca Expres SAU o las empresas de su Grupo son titulares o leg\u00edtimas licenciatarias.&nbsp;<\/p>\n\n\n\n<p>La Rocca Expres SAU no otorga garant\u00eda alguna sobre la licitud y legalidad de la informaci\u00f3n o elementos contenidos en las p\u00e1ginas del portal, cuando la titularidad de los mismos no corresponda a La Rocca Expres SAU ni a las empresas de su Grupo.&nbsp;<\/p>\n\n\n\n<h4 class=\"wp-block-heading\">USOS PROHIBIDOS Y PERMITIDOS&nbsp;<\/h4>\n\n\n\n<p>El acceso a la p\u00e1gina web a trav\u00e9s de la direcci\u00f3n URL <a href=\"http:\/\/larocca.es\/en\/\" target=\"_blank\" rel=\"noreferrer noopener\">http:\/\/larocca.es<\/a> tiene car\u00e1cter gratuito para los Usuarios y su visualizaci\u00f3n no requiere de previa suscripci\u00f3n o registro alguno.&nbsp;<\/p>\n\n\n\n<p>En este sentido, ser\u00e1 responsabilidad del Usuario registrado el uso adecuado de la web y la custodia de los c\u00f3digos de acceso o claves identificativas, si los hubiera, debiendo abstenerse de utilizarlos con fines o efectos il\u00edcitos o contrarios a la ley, la moral y las buenas costumbres.&nbsp;<\/p>\n\n\n\n<p>&nbsp;<br>Las condiciones de acceso y uso de esta p\u00e1gina web est\u00e1n supeditadas a la legalidad vigente y a los principios de buena fe y uso l\u00edcito por parte del Usuario de la misma, quedando prohibido, con car\u00e1cter general, cualquier tipo de actuaci\u00f3n en perjuicio de La Rocca Expres SAU y contraria al presente Aviso Legal o a las Condiciones Generales.&nbsp;<\/p>\n\n\n\n<p>El usuario se compromete a utilizar este servicio sin incurrir en actividades que puedan ser consideradas il\u00edcitas o ilegales, que infrinjan derechos de titularidad de La Rocca Expres SAU o de terceros; o que puedan da\u00f1ar, inutilizar, sobrecargar o deteriorar el Servicio o impedir la normal utilizaci\u00f3n del mismo por parte de otros usuarios.&nbsp;<\/p>\n\n\n\n<p>El usuario no podr\u00e1 descargar o realizar copia de los elementos que componen el sitio web con el fin de alterarlos, modificarlos, utilizarlos de manera il\u00edcita o suprimirlos ni total ni parcialmente. En ning\u00fan caso, ello significar\u00e1 una autorizaci\u00f3n o licencia sobre los derechos de propiedad de La Rocca Expres SAU.&nbsp;<\/p>\n\n\n\n<p>Queda prohibido, salvo en los casos en que expresamente lo autorice La Rocca Expres SAU, presentar las p\u00e1ginas Web propiedad de La Rocca Expres SAU, o la informaci\u00f3n contenida en ellas bajo marcos, signos distintivos, marcas o denominaciones sociales o comerciales de otra persona, empresa o entidad.&nbsp;<\/p>\n\n\n\n<h4 class=\"wp-block-heading\">VALIDEZ DE LA INFORMACI\u00d3N&nbsp;<\/h4>\n\n\n\n<p>La informaci\u00f3n contenida en estas p\u00e1ginas es la vigente en la fecha de su \u00faltima actualizaci\u00f3n y las presentes condiciones son las vigentes desde la fecha de su \u00faltima actualizaci\u00f3n. La Rocca Expres SAU se reserva el derecho a modificarlas en cualquier momento, en cuyo caso entrar\u00e1n en vigor desde su publicaci\u00f3n y ser\u00e1n aplicables a todos los usuarios del portal desde esa fecha.&nbsp;<\/p>\n\n\n\n<p>Los contenidos del portal, en especial las referencias informativas y publicitarias, salvo que expresamente se indique lo contrario, no constituyen oferta vinculante. La Rocca Expres SAU se reserva el derecho a introducir modificaciones u omitir parcial o totalmente los actuales contenidos del portal cuando lo considere oportuno, as\u00ed como impedir o restringir el acceso de forma temporal o permanente.&nbsp;<\/p>\n\n\n\n<h4 class=\"wp-block-heading\">RESPONSABILIDADES&nbsp;<\/h4>\n\n\n\n<p>La Rocca Expres SAU no garantiza el acceso continuado, ni la correcta visualizaci\u00f3n, utilidad o cambio de los elementos e informaci\u00f3n contenidos en las p\u00e1ginas del portal, que pueden verse impedidos, dificultados o interrumpidos por factores o circunstancias fuera de su control.&nbsp;<\/p>\n\n\n\n<p>La Rocca Expres SAU no es responsable de la informaci\u00f3n y dem\u00e1s contenidos integrados en espacios o p\u00e1ginas Web de terceros accesibles desde el portal mediante enlaces, hiperv\u00ednculos o links, ni de la informaci\u00f3n y dem\u00e1s contenidos integrados en espacios o p\u00e1ginas Web de terceros desde los que se acceda mediante enlaces, hiperv\u00ednculos o links al portal La Rocca Expres SAU, o a cualquiera de sus p\u00e1ginas Web, ni de la informaci\u00f3n y contenidos de cualquier p\u00e1gina Web de terceros que se presente bajo la apariencia o signos distintivos de La Rocca Expres SAU, salvo autorizaci\u00f3n expresa de esta \u00faltima.&nbsp;<\/p>\n\n\n\n<p>La Rocca Expres SAU y sus proveedores de informaci\u00f3n, como terceras partes, no asumen responsabilidad alguna con relaci\u00f3n a la informaci\u00f3n, contenidos de todo tipo, productos y servicios ofertados o prestados a trav\u00e9s del portal La Rocca Expres SAU por terceras personas o entidades, aunque pertenezcan a su mismo Grupo econ\u00f3mico, y, en especial, por los da\u00f1os y perjuicios de cualquier tipo que, vinculados a lo anterior, puedan producirse por:&nbsp;<\/p>\n\n\n\n<p>\u2013 Ausencia o deficiencias en la informaci\u00f3n facilitada a los usuarios o en su veracidad, exactitud y suficiencia.&nbsp;<br>\u2013 Incumplimiento o cumplimiento defectuoso o impuntual de los contratos o relaciones pre-contractuales.&nbsp;<br>\u2013 Incumplimiento de las obligaciones que incumben a los prestadores de servicios de la sociedad de la informaci\u00f3n.&nbsp;<br>\u2013 Infracci\u00f3n de los derechos de los consumidores y usuarios.&nbsp;<br>\u2013 Infracci\u00f3n de los derechos de propiedad intelectual e industrial; realizaci\u00f3n de actos de competencia desleal o de publicidad il\u00edcita.&nbsp;<br>\u2013 Infracci\u00f3n del derecho de protecci\u00f3n de datos; del secreto profesional y de los derechos al honor, a la intimidad personal y familiar y a la imagen de las personas.&nbsp;<br>\u2013 En general, el incumplimiento de cualesquiera leyes, costumbres o c\u00f3digos de conducta que resulten de aplicaci\u00f3n.&nbsp;<br>\u2013 Cualquier decisi\u00f3n tomada en dependencia de la informaci\u00f3n suministrada a trav\u00e9s del portal de La Rocca Expres SAU.&nbsp;<\/p>\n\n\n\n<p>Ni La Rocca Expres SAU ni los proveedores de informaci\u00f3n como terceras partes asumen responsabilidad alguna por da\u00f1os, perjuicios, p\u00e9rdidas, reclamaciones o gastos, producidos por:&nbsp;<\/p>\n\n\n\n<p>\u2013 Interferencias, interrupciones, fallos, omisiones, aver\u00edas telef\u00f3nicas, retrasos, bloqueos o desconexiones en el funcionamiento del sistema electr\u00f3nico, motivadas por deficiencias, sobrecargas y errores en las l\u00edneas y redes de telecomunicaciones, o por cualquier otra causa ajena al control La Rocca Expres SAU.&nbsp;<br>\u2013 Intromisiones ileg\u00edtimas mediante el uso de programas malignos de cualquier tipo y a trav\u00e9s de cualquier medio de comunicaci\u00f3n, tales como virus inform\u00e1ticos o cualesquiera otros.&nbsp;<br>\u2013 Uso indebido o inadecuado de las p\u00e1ginas Web propiedad de La Rocca Expres SAU.&nbsp;<br>\u2013 Errores de seguridad o navegaci\u00f3n producidos por un mal funcionamiento del navegador o por el uso de versiones no actualizadas del mismo.&nbsp;<\/p>\n\n\n\n<h4 class=\"wp-block-heading\">PRIVACIDAD Y TRATAMIENTO DE DATOS&nbsp;<\/h4>\n\n\n\n<p>Cuando para el acceso a determinados contenidos o servicios sea necesario facilitar datos de car\u00e1cter personal, los Usuarios garantizar\u00e1n su veracidad, exactitud, autenticidad y vigencia. La empresa dar\u00e1 a dichos datos el tratamiento automatizado que corresponda en funci\u00f3n de su naturaleza o finalidad, en los t\u00e9rminos indicados en el apartado de Pol\u00edtica de Privacidad.&nbsp;<\/p>\n\n\n\n<h4 class=\"wp-block-heading\">COOKIES&nbsp;<\/h4>\n\n\n\n<p>La Rocca Expres SAU se reserva el derecho de utilizar la tecnolog\u00eda \u201ccookie\u201d en el sitio web, a fin de reconocer Usuarios frecuentes y personalizar los usos que se realicen del portal mediante la preselecci\u00f3n de idioma, moneda o contenidos espec\u00edficos.&nbsp;<br>&nbsp;<br>Las cookies recopilan la direcci\u00f3n IP del usuario, siendo Google el responsable del tratamiento de esta informaci\u00f3n.&nbsp;<br>&nbsp;<br>Las cookies son ficheros enviados a un navegador, por medio de un servidor Web, para registrar la navegaci\u00f3n del Usuario en el Espacio Web, cuando el Usuario permita su recepci\u00f3n. Si el Usuario lo desea, podr\u00e1 configurar su navegador para ser avisado en pantalla de la recepci\u00f3n de cookies y para impedir la instalaci\u00f3n de cookies en su disco duro. El usuario podr\u00e1 consultar las instrucciones y manuales de su navegador para ampliar dicha informaci\u00f3n.&nbsp;<\/p>","protected":false},"excerpt":{"rendered":"<p>La Rocca Expres SAU\u00a0C.I.F. A11044740\u00a0Pol. Hacienda Dolores, Calle 6, Nave 13\u00a041500 \u2013 Alcal\u00e1 de Guadaira\u00a0Sevilla\u00a0Tlfn. +34 955 63 09 07\u00a0info@larocca.es El acceso al portal propiedad de La Rocca Expres SAU y a la informaci\u00f3n relativa a cualesquiera de los productos y servicios contenidos en el mismo, comporta la aceptaci\u00f3n de las condiciones previstas en el [&hellip;]<\/p>\n","protected":false},"author":1,"featured_media":0,"parent":0,"menu_order":0,"comment_status":"closed","ping_status":"closed","template":"","meta":{"inline_featured_image":false,"footnotes":""},"class_list":["post-26096","page","type-page","status-publish","hentry"],"yoast_head":"<!-- This site is optimized with the Yoast SEO plugin v24.5 - https:\/\/yoast.com\/wordpress\/plugins\/seo\/ -->\n<title>Aviso Legal | La Rocca<\/title>\n<meta name=\"description\" content=\"En la p\u00e1gina de aviso legal encontrar\u00e1s escritas las distintas condiciones que debes aceptar y tener en cuenta.\" \/>\n<meta name=\"robots\" content=\"index, follow, max-snippet:-1, max-image-preview:large, max-video-preview:-1\" \/>\n<link rel=\"canonical\" href=\"https:\/\/larocca.es\/en\/aviso-legal\" \/>\n<meta property=\"og:locale\" content=\"en_GB\" \/>\n<meta property=\"og:type\" content=\"article\" \/>\n<meta property=\"og:title\" content=\"Aviso Legal | La Rocca\" \/>\n<meta property=\"og:description\" content=\"En la p\u00e1gina de aviso legal encontrar\u00e1s escritas las distintas condiciones que debes aceptar y tener en cuenta.\" \/>\n<meta property=\"og:url\" content=\"https:\/\/larocca.es\/en\/aviso-legal\" \/>\n<meta property=\"og:site_name\" content=\"La Rocca\" \/>\n<meta property=\"article:publisher\" content=\"https:\/\/www.facebook.com\/laroccaexpres\/\" \/>\n<meta property=\"article:modified_time\" content=\"2024-03-19T10:33:03+00:00\" \/>\n<meta property=\"og:image\" content=\"https:\/\/larocca.es\/wp-content\/uploads\/2023\/07\/home-la-rocca.png\" \/>\n\t<meta property=\"og:image:width\" content=\"960\" \/>\n\t<meta property=\"og:image:height\" content=\"1200\" \/>\n\t<meta property=\"og:image:type\" content=\"image\/png\" \/>\n<meta name=\"twitter:card\" content=\"summary_large_image\" \/>\n<meta name=\"twitter:label1\" content=\"Estimated reading time\" \/>\n\t<meta name=\"twitter:data1\" content=\"7 minutes\" \/>\n<script type=\"application\/ld+json\" class=\"yoast-schema-graph\">{\"@context\":\"https:\/\/schema.org\",\"@graph\":[{\"@type\":\"WebPage\",\"@id\":\"https:\/\/larocca.es\/en\/aviso-legal\",\"url\":\"https:\/\/larocca.es\/en\/aviso-legal\",\"name\":\"Aviso Legal | La Rocca\",\"isPartOf\":{\"@id\":\"https:\/\/larocca.es\/#website\"},\"datePublished\":\"2023-07-11T09:22:36+00:00\",\"dateModified\":\"2024-03-19T10:33:03+00:00\",\"description\":\"En la p\u00e1gina de aviso legal encontrar\u00e1s escritas las distintas condiciones que debes aceptar y tener en cuenta.\",\"breadcrumb\":{\"@id\":\"https:\/\/larocca.es\/en\/aviso-legal#breadcrumb\"},\"inLanguage\":\"en-GB\",\"potentialAction\":[{\"@type\":\"ReadAction\",\"target\":[\"https:\/\/larocca.es\/en\/aviso-legal\"]}]},{\"@type\":\"BreadcrumbList\",\"@id\":\"https:\/\/larocca.es\/en\/aviso-legal#breadcrumb\",\"itemListElement\":[{\"@type\":\"ListItem\",\"position\":1,\"name\":\"Home\",\"item\":\"https:\/\/larocca.es\/\"},{\"@type\":\"ListItem\",\"position\":2,\"name\":\"Aviso Legal\"}]},{\"@type\":\"WebSite\",\"@id\":\"https:\/\/larocca.es\/#website\",\"url\":\"https:\/\/larocca.es\/\",\"name\":\"La Rocca | M\u00e1quinas profesionales de caf\u00e9 espresso\",\"description\":\"M\u00e1quinas profesionales de caf\u00e9. Calidad espresso desde 1985\",\"publisher\":{\"@id\":\"https:\/\/larocca.es\/#organization\"},\"alternateName\":\"La Rocca\",\"potentialAction\":[{\"@type\":\"SearchAction\",\"target\":{\"@type\":\"EntryPoint\",\"urlTemplate\":\"https:\/\/larocca.es\/?s={search_term_string}\"},\"query-input\":{\"@type\":\"PropertyValueSpecification\",\"valueRequired\":true,\"valueName\":\"search_term_string\"}}],\"inLanguage\":\"en-GB\"},{\"@type\":\"Organization\",\"@id\":\"https:\/\/larocca.es\/#organization\",\"name\":\"La Rocca Expr\u00e9s\",\"alternateName\":\"La Rocca\",\"url\":\"https:\/\/larocca.es\/\",\"logo\":{\"@type\":\"ImageObject\",\"inLanguage\":\"en-GB\",\"@id\":\"https:\/\/larocca.es\/#\/schema\/logo\/image\/\",\"url\":\"https:\/\/larocca.es\/wp-content\/uploads\/2023\/07\/cropped-LOGO_ROCCA-AZUL.png\",\"contentUrl\":\"https:\/\/larocca.es\/wp-content\/uploads\/2023\/07\/cropped-LOGO_ROCCA-AZUL.png\",\"width\":1334,\"height\":410,\"caption\":\"La Rocca Expr\u00e9s\"},\"image\":{\"@id\":\"https:\/\/larocca.es\/#\/schema\/logo\/image\/\"},\"sameAs\":[\"https:\/\/www.facebook.com\/laroccaexpres\/\",\"https:\/\/www.instagram.com\/larocca.es\/\",\"https:\/\/www.linkedin.com\/company\/la-rocca-expres\/\",\"https:\/\/www.youtube.com\/channel\/UCOLCj6nac6twSXGyR-8xmhA\"]}]}<\/script>\n<!-- \/ Yoast SEO plugin. -->","yoast_head_json":{"title":"Aviso Legal | La Rocca","description":"En la p\u00e1gina de aviso legal encontrar\u00e1s escritas las distintas condiciones que debes aceptar y tener en cuenta.","robots":{"index":"index","follow":"follow","max-snippet":"max-snippet:-1","max-image-preview":"max-image-preview:large","max-video-preview":"max-video-preview:-1"},"canonical":"https:\/\/larocca.es\/en\/aviso-legal","og_locale":"en_GB","og_type":"article","og_title":"Aviso Legal | La Rocca","og_description":"En la p\u00e1gina de aviso legal encontrar\u00e1s escritas las distintas condiciones que debes aceptar y tener en cuenta.","og_url":"https:\/\/larocca.es\/en\/aviso-legal","og_site_name":"La Rocca","article_publisher":"https:\/\/www.facebook.com\/laroccaexpres\/","article_modified_time":"2024-03-19T10:33:03+00:00","og_image":[{"width":960,"height":1200,"url":"https:\/\/larocca.es\/wp-content\/uploads\/2023\/07\/home-la-rocca.png","type":"image\/png"}],"twitter_card":"summary_large_image","twitter_misc":{"Estimated reading time":"7 minutes"},"schema":{"@context":"https:\/\/schema.org","@graph":[{"@type":"WebPage","@id":"https:\/\/larocca.es\/en\/aviso-legal","url":"https:\/\/larocca.es\/en\/aviso-legal","name":"Aviso Legal | La Rocca","isPartOf":{"@id":"https:\/\/larocca.es\/#website"},"datePublished":"2023-07-11T09:22:36+00:00","dateModified":"2024-03-19T10:33:03+00:00","description":"En la p\u00e1gina de aviso legal encontrar\u00e1s escritas las distintas condiciones que debes aceptar y tener en cuenta.","breadcrumb":{"@id":"https:\/\/larocca.es\/en\/aviso-legal#breadcrumb"},"inLanguage":"en-GB","potentialAction":[{"@type":"ReadAction","target":["https:\/\/larocca.es\/en\/aviso-legal"]}]},{"@type":"BreadcrumbList","@id":"https:\/\/larocca.es\/en\/aviso-legal#breadcrumb","itemListElement":[{"@type":"ListItem","position":1,"name":"Home","item":"https:\/\/larocca.es\/"},{"@type":"ListItem","position":2,"name":"Aviso Legal"}]},{"@type":"WebSite","@id":"https:\/\/larocca.es\/#website","url":"https:\/\/larocca.es\/","name":"La Rocca | M\u00e1quinas profesionales de caf\u00e9 espresso","description":"M\u00e1quinas profesionales de caf\u00e9. Calidad espresso desde 1985","publisher":{"@id":"https:\/\/larocca.es\/#organization"},"alternateName":"La Rocca","potentialAction":[{"@type":"SearchAction","target":{"@type":"EntryPoint","urlTemplate":"https:\/\/larocca.es\/?s={search_term_string}"},"query-input":{"@type":"PropertyValueSpecification","valueRequired":true,"valueName":"search_term_string"}}],"inLanguage":"en-GB"},{"@type":"Organization","@id":"https:\/\/larocca.es\/#organization","name":"La Rocca Expr\u00e9s","alternateName":"La Rocca","url":"https:\/\/larocca.es\/","logo":{"@type":"ImageObject","inLanguage":"en-GB","@id":"https:\/\/larocca.es\/#\/schema\/logo\/image\/","url":"https:\/\/larocca.es\/wp-content\/uploads\/2023\/07\/cropped-LOGO_ROCCA-AZUL.png","contentUrl":"https:\/\/larocca.es\/wp-content\/uploads\/2023\/07\/cropped-LOGO_ROCCA-AZUL.png","width":1334,"height":410,"caption":"La Rocca Expr\u00e9s"},"image":{"@id":"https:\/\/larocca.es\/#\/schema\/logo\/image\/"},"sameAs":["https:\/\/www.facebook.com\/laroccaexpres\/","https:\/\/www.instagram.com\/larocca.es\/","https:\/\/www.linkedin.com\/company\/la-rocca-expres\/","https:\/\/www.youtube.com\/channel\/UCOLCj6nac6twSXGyR-8xmhA"]}]}},"_links":{"self":[{"href":"https:\/\/larocca.es\/en\/wp-json\/wp\/v2\/pages\/26096","targetHints":{"allow":["GET"]}}],"collection":[{"href":"https:\/\/larocca.es\/en\/wp-json\/wp\/v2\/pages"}],"about":[{"href":"https:\/\/larocca.es\/en\/wp-json\/wp\/v2\/types\/page"}],"author":[{"embeddable":true,"href":"https:\/\/larocca.es\/en\/wp-json\/wp\/v2\/users\/1"}],"replies":[{"embeddable":true,"href":"https:\/\/larocca.es\/en\/wp-json\/wp\/v2\/comments?post=26096"}],"version-history":[{"count":3,"href":"https:\/\/larocca.es\/en\/wp-json\/wp\/v2\/pages\/26096\/revisions"}],"predecessor-version":[{"id":26099,"href":"https:\/\/larocca.es\/en\/wp-json\/wp\/v2\/pages\/26096\/revisions\/26099"}],"wp:attachment":[{"href":"https:\/\/larocca.es\/en\/wp-json\/wp\/v2\/media?parent=26096"}],"curies":[{"name":"wp","href":"https:\/\/api.w.org\/{rel}","templated":true}]}}