{"id":3,"date":"2023-07-07T13:59:26","date_gmt":"2023-07-07T13:59:26","guid":{"rendered":"http:\/\/larocca.es\/?page_id=3"},"modified":"2024-03-19T10:49:00","modified_gmt":"2024-03-19T10:49:00","slug":"politica-privacidad","status":"publish","type":"page","link":"https:\/\/larocca.es\/en\/politica-privacidad","title":{"rendered":"Privacy Policy"},"content":{"rendered":"\n<p>Los datos personales que el cliente debe facilitarnos son indispensables para el env\u00edo de los pedidos y redacci\u00f3n de facturas. La ausencia de estos datos conllevar\u00e1 la anulaci\u00f3n autom\u00e1tica de los pedidos. Al inscribirse en la p\u00e1gina, el cliente se compromete a proporcionarnos datos personales v\u00e1lidos, datos que permiten la prestaci\u00f3n del servicio por parte de La Rocca Expres SAU y la correcta identificaci\u00f3n del cliente registrado, as\u00ed como el env\u00edo de informaci\u00f3n y publicidad de los diferentes productos y ofertas que La Rocca Expres SAU pueda tener en sus p\u00e1ginas web.&nbsp;<\/p>\n\n\n\n<h4 class=\"wp-block-heading\">QU\u00c9 DATOS RECOGEMOS&nbsp;<\/h4>\n\n\n\n<p>Datos personales&nbsp;<br>Formularios de contacto&nbsp;<br>Cookies&nbsp;<br>Contenido incrustado de otros sitios web&nbsp;<br>Anal\u00edtica&nbsp;<\/p>\n\n\n\n<h4 class=\"wp-block-heading\">CON QU\u00c9 FINALIDAD COMPARTIMOS LOS DATOS&nbsp;<\/h4>\n\n\n\n<p>Para garantizar el cumplimiento de las condiciones de uso y la ley aplicable. Esto puede incluir el desarrollo de herramientas y algoritmos que ayudan a esta web a garantizar la confidencialidad de los datos personales que recoge.&nbsp;<\/p>\n\n\n\n<p>Asimismo, la Empresa podr\u00e1 tratar sus datos para gestionar su registro como usuario de este sitio web, para gestionar sus compras, atender sus consultas, cumplir con sus obligaciones legales, mejorar nuestros servicios y productos y, cuando as\u00ed lo solicite, enviarle comunicaciones personalizadas&nbsp;<\/p>\n\n\n\n<p>Tambi\u00e9n se recogen otros datos no identificativos que se obtienen mediante algunas cookies que se descargan en el ordenador del usuario cuando navega en esta web que est\u00e1n detalladas en la pol\u00edtica de cookies.&nbsp;<\/p>\n\n\n\n<p>La Empresa no vende, alquila ni cede datos de car\u00e1cter personal que puedan identificar al usuario, ni lo har\u00e1 en el futuro, a terceros sin el consentimiento previo. Sin embargo, en algunos casos se pueden realizar colaboraciones con otros profesionales, en esos casos, se requerir\u00e1 consentimiento a los usuarios informando sobre la identidad del colaborador y la finalidad de la colaboraci\u00f3n. Siempre se realizar\u00e1 con los m\u00e1s estrictos est\u00e1ndares de seguridad.&nbsp;<\/p>\n\n\n\n<h4 class=\"wp-block-heading\">CON QUI\u00c9N COMPARTIMOS LOS DATOS Y DURANTE CU\u00c1NTO TIEMPO&nbsp;<\/h4>\n\n\n\n<p>Los datos recogidos no ser\u00e1n cedidos o tratados por terceras personas, sin el previo consentimiento del cliente, salvo en aquellos casos en los que fuere imprescindible para la correcta prestaci\u00f3n del servicio o exista una obligaci\u00f3n legal.&nbsp;<\/p>\n\n\n\n<p>Los datos personales proporcionados se conservar\u00e1n mientras se mantenga la relaci\u00f3n con la entidad y no se solicite su supresi\u00f3n por el interesado, ser\u00e1n conservados conforme a los plazos legales establecidos en la legislaci\u00f3n aplicable, tomando como referencia la \u00faltima comunicaci\u00f3n.&nbsp;<\/p>\n\n\n\n<h4 class=\"wp-block-heading\">DERECHOS, C\u00d3MO EJERCERLOS, Y LEYES EN LAS QUE BASAMOS NUESTRA POL\u00cdTICA DE PRIVACIDAD&nbsp;<\/h4>\n\n\n\n<p>La Empresa garantiza el ejercicio de sus derechos.&nbsp;<\/p>\n\n\n\n<p>A tal fin, puede usted dirigirse a la empresa a su direcci\u00f3n postal o bien a la direcci\u00f3n de email facilitada en el presente documento con la finalidad de ejercer los siguientes derechos:&nbsp;<\/p>\n\n\n\n<p>Derecho a solicitar el acceso a los datos personales relativos al interesado.&nbsp;<br>Derecho a solicitar su rectificaci\u00f3n o supresi\u00f3n.&nbsp;<br>Derecho a solicitar la limitaci\u00f3n de su tratamiento.&nbsp;<br>Derecho a oponerse al tratamiento.&nbsp;<br>Derecho a la portabilidad de los datos.&nbsp;<\/p>\n\n\n\n<p>Puede usted solicitar los formularios necesarios para el ejercicio de estos derechos enviando un correo electr\u00f3nico a la direcci\u00f3n de email facilitada en el presente documento&nbsp;<\/p>\n\n\n\n<p>Dado el car\u00e1cter personal\u00edsimo del ejercicio de cualquiera de estos derechos usted deber\u00e1 adjuntar a la solicitud copia de su carnet de identidad o documento acreditativo equivalente.&nbsp;<\/p>\n\n\n\n<p>Puede usted dirigirse a la Agencia Espa\u00f1ola de protecci\u00f3n de Datos para obtener informaci\u00f3n adicional acerca de sus derechos o presentar una reclamaci\u00f3n ante la misma, especialmente cuando no haya obtenido satisfacci\u00f3n en el ejercicio de sus derechos, obteniendo toda la informaci\u00f3n necesaria para ello a trav\u00e9s de la web www.agpd.es&nbsp;<\/p>\n\n\n\n<p>Leyes en las que basamos nuestra pol\u00edtica de privacidad:&nbsp;<\/p>\n\n\n\n<p>El RGPD (Reglamento (UE) 2016\/679 del Parlamento Europeo y del Consejo de 27 de abril de 2016 relativo a la protecci\u00f3n de las personas f\u00edsicas), nueva normativa de la Uni\u00f3n Europea que unifica la regulaci\u00f3n del tratamiento de los datos personales en los distintos pa\u00edses de la UE.&nbsp;<\/p>\n\n\n\n<p>La LOPD (Ley Org\u00e1nica 15\/1999, de 13 de diciembre, de Protecci\u00f3n de Datos de Car\u00e1cter Personal y Real Decreto 1720\/2007, de 21 de diciembre, el Reglamento de desarrollo de la LOPD) que regula el tratamiento de los datos personales y las obligaciones que debemos asumir los responsables de un comercio electr\u00f3nico a la hora de gestionar esta informaci\u00f3n.&nbsp;<\/p>\n\n\n\n<p>La LSSI (Ley 34\/2002, de 11 de julio, de Servicios de la Sociedad de la Informaci\u00f3n y Comercio Electr\u00f3nico) que regula las transacciones econ\u00f3micas mediante medios electr\u00f3nicos, como es el caso de esta web.&nbsp;<\/p>\n\n\n\n<h4 class=\"wp-block-heading\">POL\u00cdTICA DE COOKIES&nbsp;<\/h4>\n\n\n\n<p>Cuando visita este sitio web para buscar, leer o descargar informaci\u00f3n, recopilamos y almacenamos cierta \u2018informaci\u00f3n de visitante\u2019 sobre usted, como el nombre del dominio y el host que utiliza para conectarse, la direcci\u00f3n de Protocolo de Internet (IP) del dispositivo que us\u00f3, fecha y hora de su visita y la direcci\u00f3n de Internet del sitio web que contiene el enlace a este sitio web.&nbsp;<\/p>\n\n\n\n<p>Usamos esta informaci\u00f3n para rastrear el tr\u00e1fico en este sitio web y para mejorarlo. Si no desea que manejemos esta informaci\u00f3n, puede bloquear las cookies de este y otros sitios webs. Sin embargo, cuando bloquea las cookies, es posible que ya no pueda utilizar todas las opciones de este sitio web.&nbsp;<\/p>\n\n\n\n<h5 class=\"wp-block-heading\">\u00bfQU\u00c9 ES UNA COOKIE?&nbsp;<\/h5>\n\n\n\n<p>Una cookie es un peque\u00f1o archivo simple que se transmite junto con las p\u00e1ginas de este sitio web [y\/o aplicaciones Flash], y que su navegador almacena en el disco duro. La informaci\u00f3n almacenada en \u00e9l se puede enviar a nuestros servidores en su pr\u00f3xima visita.&nbsp;<\/p>\n\n\n\n<h5 class=\"wp-block-heading\">USO DE COOKIES DE SESI\u00d3N\u00a0<\/h5>\n\n\n\n<p>Una cookie de sesi\u00f3n nos dice qu\u00e9 partes del sitio visit\u00f3 durante el tiempo que pas\u00f3 en nuestro sitio web. Esto nos permite adaptar nuestros servicios tanto como sea posible de acuerdo con los h\u00e1bitos de navegaci\u00f3n de nuestros visitantes. Estas cookies se eliminan autom\u00e1ticamente cuando cierra su navegador web.\u00a0<\/p>\n\n\n\n<h5 class=\"wp-block-heading\">GOOGLE ANALYTICS\u00a0<\/h5>\n\n\n\n<p>Una de las cookies de la empresa estadounidense Google se coloca en su disco duro a trav\u00e9s de nuestro sitio web como parte del servicio \u00abAnalytics\u00bb. Usamos este servicio para rastrear y recibir informes sobre la forma en que los visitantes usan el sitio. Google tambi\u00e9n puede transferir esta informaci\u00f3n a terceros si Google est\u00e1 legalmente obligado a hacerlo, o si terceros procesan la informaci\u00f3n en nombre de Google. No podemos controlar esto. (No) hemos permitido que Google comparta los an\u00e1lisis adquiridos con otros servicios de Google.\u00a0<\/p>\n\n\n\n<p>La informaci\u00f3n recopilada por Google se anonimiza en la mayor medida posible. Su direcci\u00f3n IP definitivamente no se transmite. Google transmite y almacena la informaci\u00f3n en servidores en los Estados Unidos. Google afirma adherirse a los Principios de privacidad de Safe Harbor y ha optado por participar en el programa Safe Harbor del Departamento de Comercio de EE. UU. Esto significa que el procesamiento de cualquier dato personal puede depender de un nivel adecuado de protecci\u00f3n.&nbsp;<\/p>\n\n\n\n<h5 class=\"wp-block-heading\">COMPARTIR MENSAJES O INFORMACI\u00d3N DE ESTE SITIO WEB A TRAV\u00c9S DE REDES SOCIALES\u00a0<\/h5>\n\n\n\n<p>Puede darse el caso de que hay botones en nuestro sitio web para promocionar o compartir contenidos (\u00abme gusta\u00bb, \u00abtuitear\u00bb, etc) en redes sociales como Facebook, Instagram, Twitter, LinkedIn y YouTube. Estos botones funcionan a trav\u00e9s de fragmentos de c\u00f3digo que se originan en Facebook o Twitter, as\u00ed como otras plataformas. Las cookies se colocan a trav\u00e9s de este c\u00f3digo. No podemos controlar esto. Consulte la pol\u00edtica de privacidad de la plataforma en la que vaya a compartir el contenido (que puede cambiar con frecuencia) para que sepa qu\u00e9 hacen con sus datos (personales) que procesan a trav\u00e9s de estas cookies.\u00a0<\/p>\n\n\n\n<h5 class=\"wp-block-heading\">HABILITAR Y DESHABILITAR COOKIES Y\/O ELIMINARLAS&nbsp;<\/h5>\n\n\n\n<p>Puede encontrar informaci\u00f3n adicional sobre c\u00f3mo habilitar, deshabilitar y eliminar cookies en las instrucciones y\/o utilizando la funci\u00f3n de Ayuda de su navegador.&nbsp;<\/p>\n","protected":false},"excerpt":{"rendered":"<p>Los datos personales que el cliente debe facilitarnos son indispensables para el env\u00edo de los pedidos y redacci\u00f3n de facturas. La ausencia de estos datos conllevar\u00e1 la anulaci\u00f3n autom\u00e1tica de los pedidos. Al inscribirse en la p\u00e1gina, el cliente se compromete a proporcionarnos datos personales v\u00e1lidos, datos que permiten la prestaci\u00f3n del servicio por parte [&hellip;]<\/p>\n","protected":false},"author":1,"featured_media":0,"parent":0,"menu_order":0,"comment_status":"closed","ping_status":"closed","template":"","meta":{"inline_featured_image":false,"footnotes":""},"class_list":["post-3","page","type-page","status-publish","hentry"],"yoast_head":"<!-- This site is optimized with the Yoast SEO plugin v24.5 - https:\/\/yoast.com\/wordpress\/plugins\/seo\/ -->\n<title>Pol\u00edtica de Privacidad | La Rocca<\/title>\n<meta name=\"description\" content=\"En la p\u00e1gina de Pol\u00edtica de Privacidad te explicamos c\u00f3mo recopilamos, utilizamos y protegemos tu informaci\u00f3n personal.\" \/>\n<meta name=\"robots\" content=\"index, follow, max-snippet:-1, max-image-preview:large, max-video-preview:-1\" \/>\n<link rel=\"canonical\" href=\"https:\/\/larocca.es\/en\/politica-privacidad\" \/>\n<meta property=\"og:locale\" content=\"en_GB\" \/>\n<meta property=\"og:type\" content=\"article\" \/>\n<meta property=\"og:title\" content=\"Pol\u00edtica de Privacidad | La Rocca\" \/>\n<meta property=\"og:description\" content=\"En la p\u00e1gina de Pol\u00edtica de Privacidad te explicamos c\u00f3mo recopilamos, utilizamos y protegemos tu informaci\u00f3n personal.\" \/>\n<meta property=\"og:url\" content=\"https:\/\/larocca.es\/en\/politica-privacidad\" \/>\n<meta property=\"og:site_name\" content=\"La Rocca\" \/>\n<meta property=\"article:publisher\" content=\"https:\/\/www.facebook.com\/laroccaexpres\/\" \/>\n<meta property=\"article:modified_time\" content=\"2024-03-19T10:49:00+00:00\" \/>\n<meta property=\"og:image\" content=\"https:\/\/larocca.es\/wp-content\/uploads\/2023\/07\/home-la-rocca.png\" \/>\n\t<meta property=\"og:image:width\" content=\"960\" \/>\n\t<meta property=\"og:image:height\" content=\"1200\" \/>\n\t<meta property=\"og:image:type\" content=\"image\/png\" \/>\n<meta name=\"twitter:card\" content=\"summary_large_image\" \/>\n<meta name=\"twitter:label1\" content=\"Estimated reading time\" \/>\n\t<meta name=\"twitter:data1\" content=\"6 minutes\" \/>\n<script type=\"application\/ld+json\" class=\"yoast-schema-graph\">{\"@context\":\"https:\/\/schema.org\",\"@graph\":[{\"@type\":\"WebPage\",\"@id\":\"https:\/\/larocca.es\/en\/politica-privacidad\",\"url\":\"https:\/\/larocca.es\/en\/politica-privacidad\",\"name\":\"Pol\u00edtica de Privacidad | La Rocca\",\"isPartOf\":{\"@id\":\"https:\/\/larocca.es\/#website\"},\"datePublished\":\"2023-07-07T13:59:26+00:00\",\"dateModified\":\"2024-03-19T10:49:00+00:00\",\"description\":\"En la p\u00e1gina de Pol\u00edtica de Privacidad te explicamos c\u00f3mo recopilamos, utilizamos y protegemos tu informaci\u00f3n personal.\",\"breadcrumb\":{\"@id\":\"https:\/\/larocca.es\/en\/politica-privacidad#breadcrumb\"},\"inLanguage\":\"en-GB\",\"potentialAction\":[{\"@type\":\"ReadAction\",\"target\":[\"https:\/\/larocca.es\/en\/politica-privacidad\"]}]},{\"@type\":\"BreadcrumbList\",\"@id\":\"https:\/\/larocca.es\/en\/politica-privacidad#breadcrumb\",\"itemListElement\":[{\"@type\":\"ListItem\",\"position\":1,\"name\":\"Home\",\"item\":\"https:\/\/larocca.es\/\"},{\"@type\":\"ListItem\",\"position\":2,\"name\":\"Pol\u00edtica de Privacidad\"}]},{\"@type\":\"WebSite\",\"@id\":\"https:\/\/larocca.es\/#website\",\"url\":\"https:\/\/larocca.es\/\",\"name\":\"La Rocca | M\u00e1quinas profesionales de caf\u00e9 espresso\",\"description\":\"M\u00e1quinas profesionales de caf\u00e9. Calidad espresso desde 1985\",\"publisher\":{\"@id\":\"https:\/\/larocca.es\/#organization\"},\"alternateName\":\"La Rocca\",\"potentialAction\":[{\"@type\":\"SearchAction\",\"target\":{\"@type\":\"EntryPoint\",\"urlTemplate\":\"https:\/\/larocca.es\/?s={search_term_string}\"},\"query-input\":{\"@type\":\"PropertyValueSpecification\",\"valueRequired\":true,\"valueName\":\"search_term_string\"}}],\"inLanguage\":\"en-GB\"},{\"@type\":\"Organization\",\"@id\":\"https:\/\/larocca.es\/#organization\",\"name\":\"La Rocca Expr\u00e9s\",\"alternateName\":\"La Rocca\",\"url\":\"https:\/\/larocca.es\/\",\"logo\":{\"@type\":\"ImageObject\",\"inLanguage\":\"en-GB\",\"@id\":\"https:\/\/larocca.es\/#\/schema\/logo\/image\/\",\"url\":\"https:\/\/larocca.es\/wp-content\/uploads\/2023\/07\/cropped-LOGO_ROCCA-AZUL.png\",\"contentUrl\":\"https:\/\/larocca.es\/wp-content\/uploads\/2023\/07\/cropped-LOGO_ROCCA-AZUL.png\",\"width\":1334,\"height\":410,\"caption\":\"La Rocca Expr\u00e9s\"},\"image\":{\"@id\":\"https:\/\/larocca.es\/#\/schema\/logo\/image\/\"},\"sameAs\":[\"https:\/\/www.facebook.com\/laroccaexpres\/\",\"https:\/\/www.instagram.com\/larocca.es\/\",\"https:\/\/www.linkedin.com\/company\/la-rocca-expres\/\",\"https:\/\/www.youtube.com\/channel\/UCOLCj6nac6twSXGyR-8xmhA\"]}]}<\/script>\n<!-- \/ Yoast SEO plugin. -->","yoast_head_json":{"title":"Pol\u00edtica de Privacidad | La Rocca","description":"En la p\u00e1gina de Pol\u00edtica de Privacidad te explicamos c\u00f3mo recopilamos, utilizamos y protegemos tu informaci\u00f3n personal.","robots":{"index":"index","follow":"follow","max-snippet":"max-snippet:-1","max-image-preview":"max-image-preview:large","max-video-preview":"max-video-preview:-1"},"canonical":"https:\/\/larocca.es\/en\/politica-privacidad","og_locale":"en_GB","og_type":"article","og_title":"Pol\u00edtica de Privacidad | La Rocca","og_description":"En la p\u00e1gina de Pol\u00edtica de Privacidad te explicamos c\u00f3mo recopilamos, utilizamos y protegemos tu informaci\u00f3n personal.","og_url":"https:\/\/larocca.es\/en\/politica-privacidad","og_site_name":"La Rocca","article_publisher":"https:\/\/www.facebook.com\/laroccaexpres\/","article_modified_time":"2024-03-19T10:49:00+00:00","og_image":[{"width":960,"height":1200,"url":"https:\/\/larocca.es\/wp-content\/uploads\/2023\/07\/home-la-rocca.png","type":"image\/png"}],"twitter_card":"summary_large_image","twitter_misc":{"Estimated reading time":"6 minutes"},"schema":{"@context":"https:\/\/schema.org","@graph":[{"@type":"WebPage","@id":"https:\/\/larocca.es\/en\/politica-privacidad","url":"https:\/\/larocca.es\/en\/politica-privacidad","name":"Pol\u00edtica de Privacidad | La Rocca","isPartOf":{"@id":"https:\/\/larocca.es\/#website"},"datePublished":"2023-07-07T13:59:26+00:00","dateModified":"2024-03-19T10:49:00+00:00","description":"En la p\u00e1gina de Pol\u00edtica de Privacidad te explicamos c\u00f3mo recopilamos, utilizamos y protegemos tu informaci\u00f3n personal.","breadcrumb":{"@id":"https:\/\/larocca.es\/en\/politica-privacidad#breadcrumb"},"inLanguage":"en-GB","potentialAction":[{"@type":"ReadAction","target":["https:\/\/larocca.es\/en\/politica-privacidad"]}]},{"@type":"BreadcrumbList","@id":"https:\/\/larocca.es\/en\/politica-privacidad#breadcrumb","itemListElement":[{"@type":"ListItem","position":1,"name":"Home","item":"https:\/\/larocca.es\/"},{"@type":"ListItem","position":2,"name":"Pol\u00edtica de Privacidad"}]},{"@type":"WebSite","@id":"https:\/\/larocca.es\/#website","url":"https:\/\/larocca.es\/","name":"La Rocca | M\u00e1quinas profesionales de caf\u00e9 espresso","description":"M\u00e1quinas profesionales de caf\u00e9. Calidad espresso desde 1985","publisher":{"@id":"https:\/\/larocca.es\/#organization"},"alternateName":"La Rocca","potentialAction":[{"@type":"SearchAction","target":{"@type":"EntryPoint","urlTemplate":"https:\/\/larocca.es\/?s={search_term_string}"},"query-input":{"@type":"PropertyValueSpecification","valueRequired":true,"valueName":"search_term_string"}}],"inLanguage":"en-GB"},{"@type":"Organization","@id":"https:\/\/larocca.es\/#organization","name":"La Rocca Expr\u00e9s","alternateName":"La Rocca","url":"https:\/\/larocca.es\/","logo":{"@type":"ImageObject","inLanguage":"en-GB","@id":"https:\/\/larocca.es\/#\/schema\/logo\/image\/","url":"https:\/\/larocca.es\/wp-content\/uploads\/2023\/07\/cropped-LOGO_ROCCA-AZUL.png","contentUrl":"https:\/\/larocca.es\/wp-content\/uploads\/2023\/07\/cropped-LOGO_ROCCA-AZUL.png","width":1334,"height":410,"caption":"La Rocca Expr\u00e9s"},"image":{"@id":"https:\/\/larocca.es\/#\/schema\/logo\/image\/"},"sameAs":["https:\/\/www.facebook.com\/laroccaexpres\/","https:\/\/www.instagram.com\/larocca.es\/","https:\/\/www.linkedin.com\/company\/la-rocca-expres\/","https:\/\/www.youtube.com\/channel\/UCOLCj6nac6twSXGyR-8xmhA"]}]}},"_links":{"self":[{"href":"https:\/\/larocca.es\/en\/wp-json\/wp\/v2\/pages\/3","targetHints":{"allow":["GET"]}}],"collection":[{"href":"https:\/\/larocca.es\/en\/wp-json\/wp\/v2\/pages"}],"about":[{"href":"https:\/\/larocca.es\/en\/wp-json\/wp\/v2\/types\/page"}],"author":[{"embeddable":true,"href":"https:\/\/larocca.es\/en\/wp-json\/wp\/v2\/users\/1"}],"replies":[{"embeddable":true,"href":"https:\/\/larocca.es\/en\/wp-json\/wp\/v2\/comments?post=3"}],"version-history":[{"count":2,"href":"https:\/\/larocca.es\/en\/wp-json\/wp\/v2\/pages\/3\/revisions"}],"predecessor-version":[{"id":26093,"href":"https:\/\/larocca.es\/en\/wp-json\/wp\/v2\/pages\/3\/revisions\/26093"}],"wp:attachment":[{"href":"https:\/\/larocca.es\/en\/wp-json\/wp\/v2\/media?parent=3"}],"curies":[{"name":"wp","href":"https:\/\/api.w.org\/{rel}","templated":true}]}}